{"id":18058,"date":"2021-02-03T18:06:32","date_gmt":"2021-02-03T18:06:32","guid":{"rendered":"https:\/\/demo.vehicatheme.com\/?page_id=18058"},"modified":"2025-11-22T15:11:08","modified_gmt":"2025-11-22T15:11:08","slug":"sold","status":"publish","type":"page","link":"https:\/\/test2.dac-info.fr\/es\/sold\/","title":{"rendered":"Mentions l\u00e9gales"},"content":{"rendered":"<div data-elementor-type=\"wp-page\" data-elementor-id=\"18058\" class=\"elementor elementor-18058\" data-elementor-post-type=\"page\">\n\t\t\t\t\t\t<section class=\"elementor-section elementor-top-section elementor-element elementor-element-817f1a2 elementor-section-boxed elementor-section-height-default elementor-section-height-default\" data-id=\"817f1a2\" data-element_type=\"section\" data-e-type=\"section\">\n\t\t\t\t\t\t<div class=\"elementor-container elementor-column-gap-default\">\n\t\t\t\t\t<div class=\"elementor-column elementor-col-100 elementor-top-column elementor-element elementor-element-c8be628\" data-id=\"c8be628\" data-element_type=\"column\" data-e-type=\"column\">\n\t\t\t<div class=\"elementor-widget-wrap elementor-element-populated\">\n\t\t\t\t\t\t<div class=\"elementor-element elementor-element-ad61e09 elementor-widget elementor-widget-spacer\" data-id=\"ad61e09\" data-element_type=\"widget\" data-e-type=\"widget\" data-settings=\"{&quot;ekit_we_effect_on&quot;:&quot;none&quot;}\" data-widget_type=\"spacer.default\">\n\t\t\t\t\t\t\t<div class=\"elementor-spacer\">\n\t\t\t<div class=\"elementor-spacer-inner\"><\/div>\n\t\t<\/div>\n\t\t\t\t\t\t<\/div>\n\t\t\t\t<div class=\"elementor-element elementor-element-e947285 elementor-widget elementor-widget-heading\" data-id=\"e947285\" data-element_type=\"widget\" data-e-type=\"widget\" data-settings=\"{&quot;ekit_we_effect_on&quot;:&quot;none&quot;}\" data-widget_type=\"heading.default\">\n\t\t\t\t\t<h1 class=\"elementor-heading-title elementor-size-default\">Mentions l\u00e9gales<\/h1>\t\t\t\t<\/div>\n\t\t\t\t<div class=\"elementor-element elementor-element-1acd093 elementor-widget elementor-widget-spacer\" data-id=\"1acd093\" data-element_type=\"widget\" data-e-type=\"widget\" data-settings=\"{&quot;ekit_we_effect_on&quot;:&quot;none&quot;}\" data-widget_type=\"spacer.default\">\n\t\t\t\t\t\t\t<div class=\"elementor-spacer\">\n\t\t\t<div class=\"elementor-spacer-inner\"><\/div>\n\t\t<\/div>\n\t\t\t\t\t\t<\/div>\n\t\t\t\t<div class=\"elementor-element elementor-element-5d67286 elementor-widget elementor-widget-spacer\" data-id=\"5d67286\" data-element_type=\"widget\" data-e-type=\"widget\" data-settings=\"{&quot;ekit_we_effect_on&quot;:&quot;none&quot;}\" data-widget_type=\"spacer.default\">\n\t\t\t\t\t\t\t<div class=\"elementor-spacer\">\n\t\t\t<div class=\"elementor-spacer-inner\"><\/div>\n\t\t<\/div>\n\t\t\t\t\t\t<\/div>\n\t\t\t\t<div class=\"elementor-element elementor-element-84cade7 elementor-widget elementor-widget-text-editor\" data-id=\"84cade7\" data-element_type=\"widget\" data-e-type=\"widget\" data-settings=\"{&quot;ekit_we_effect_on&quot;:&quot;none&quot;}\" data-widget_type=\"text-editor.default\">\n\t\t\t\t\t\t\t\t\t<h1 data-start=\"205\" data-end=\"247\"><strong data-start=\"207\" data-end=\"245\">Mentions L\u00e9gales \u2013 Garage Auto Ben<\/strong><\/h1><p data-start=\"248\" data-end=\"286\">Derni\u00e8re mise \u00e0 jour : <em data-start=\"271\" data-end=\"286\">[\u00e0 compl\u00e9ter]<\/em><\/p><h2 data-start=\"288\" data-end=\"313\"><strong data-start=\"291\" data-end=\"313\">1. \u00c9diteur du site<\/strong><\/h2><p data-start=\"315\" data-end=\"619\"><strong data-start=\"315\" data-end=\"334\">Garage Auto Ben<\/strong><br data-start=\"334\" data-end=\"337\" \/>Adresse : <em data-start=\"347\" data-end=\"377\">[ajouter l\u2019adresse compl\u00e8te]<\/em><br data-start=\"377\" data-end=\"380\" \/>T\u00e9l\u00e9phone : <em data-start=\"392\" data-end=\"413\">[ajouter le num\u00e9ro]<\/em><br data-start=\"413\" data-end=\"416\" \/>Email : <em data-start=\"424\" data-end=\"457\">[ajouter l\u2019email professionnel]<\/em><br data-start=\"457\" data-end=\"460\" \/>Statut juridique : <em data-start=\"479\" data-end=\"542\">[ex : Entreprise individuelle \/ SARL \/ SAS \/ Auto-entreprise]<\/em><br data-start=\"542\" data-end=\"545\" \/>SIRET : <em data-start=\"553\" data-end=\"568\">[\u00e0 compl\u00e9ter]<\/em><br data-start=\"568\" data-end=\"571\" \/>Responsable de la publication : <em data-start=\"603\" data-end=\"619\">[Nom \/ G\u00e9rant]<\/em><\/p><hr data-start=\"621\" data-end=\"624\" \/><h2 data-start=\"626\" data-end=\"653\"><strong data-start=\"629\" data-end=\"653\">2. H\u00e9bergeur du site<\/strong><\/h2><p data-start=\"655\" data-end=\"822\">Nom de l\u2019h\u00e9bergeur : <em data-start=\"676\" data-end=\"701\">[OVH, IONOS, o2switch\u2026]<\/em><br data-start=\"701\" data-end=\"704\" \/>Adresse : <em data-start=\"714\" data-end=\"750\">[ajouter l&#8217;adresse de l\u2019h\u00e9bergeur]<\/em><br data-start=\"750\" data-end=\"753\" \/>T\u00e9l\u00e9phone : <em data-start=\"765\" data-end=\"790\">[num\u00e9ro de l\u2019h\u00e9bergeur]<\/em><br data-start=\"790\" data-end=\"793\" \/>Site : <em data-start=\"800\" data-end=\"822\">[URL de l\u2019h\u00e9bergeur]<\/em><\/p><p data-start=\"824\" data-end=\"902\">Si vous me dites chez qui votre site est h\u00e9berg\u00e9, je l\u2019ins\u00e8re automatiquement.<\/p><hr data-start=\"904\" data-end=\"907\" \/><h2 data-start=\"909\" data-end=\"943\"><strong data-start=\"912\" data-end=\"943\">3. Propri\u00e9t\u00e9 intellectuelle<\/strong><\/h2><p data-start=\"945\" data-end=\"1185\">L\u2019ensemble du contenu du site <strong data-start=\"975\" data-end=\"1001\"><a class=\"decorated-link\" href=\"https:\/\/auto-ben79.fr\/\" target=\"_new\" rel=\"noopener\" data-start=\"977\" data-end=\"999\">https:\/\/auto-ben79.fr\/<\/a><\/strong> (textes, images, graphismes, logo, vid\u00e9os, ic\u00f4nes, structure, etc.) est prot\u00e9g\u00e9 par le droit d\u2019auteur et reste la propri\u00e9t\u00e9 exclusive de <strong data-start=\"1139\" data-end=\"1158\">Garage Auto Ben<\/strong>, sauf mentions contraires.<\/p><p data-start=\"1187\" data-end=\"1360\">Toute reproduction, repr\u00e9sentation, modification, publication, transmission ou adaptation, totale ou partielle, sans autorisation \u00e9crite pr\u00e9alable est strictement interdite.<\/p><hr data-start=\"1362\" data-end=\"1365\" \/><h2 data-start=\"1367\" data-end=\"1391\"><strong data-start=\"1370\" data-end=\"1391\">4. Responsabilit\u00e9<\/strong><\/h2><p data-start=\"1393\" data-end=\"1607\">Garage Auto Ben s\u2019efforce de fournir des informations \u00e0 jour sur son site.<br data-start=\"1467\" data-end=\"1470\" \/>Cependant, des erreurs ou omissions peuvent survenir. L\u2019utilisateur reconna\u00eet utiliser ces informations sous sa responsabilit\u00e9 exclusive.<\/p><p data-start=\"1609\" data-end=\"1665\">Garage Auto Ben ne pourra \u00eatre tenu responsable en cas :<\/p><ul data-start=\"1667\" data-end=\"1812\"><li data-start=\"1667\" data-end=\"1722\"><p data-start=\"1669\" data-end=\"1722\">d\u2019indisponibilit\u00e9 temporaire ou permanente du site,<\/p><\/li><li data-start=\"1723\" data-end=\"1753\"><p data-start=\"1725\" data-end=\"1753\">d\u2019erreurs dans le contenu,<\/p><\/li><li data-start=\"1754\" data-end=\"1812\"><p data-start=\"1756\" data-end=\"1812\">de dommages directs ou indirects li\u00e9s \u00e0 l\u2019usage du site.<\/p><\/li><\/ul><hr data-start=\"1814\" data-end=\"1817\" \/><h2 data-start=\"1819\" data-end=\"1849\"><strong data-start=\"1822\" data-end=\"1849\">5. Donn\u00e9es personnelles<\/strong><\/h2><p data-start=\"1851\" data-end=\"1933\">Les donn\u00e9es personnelles collect\u00e9es sur le site le sont uniquement dans le cadre :<\/p><ul data-start=\"1935\" data-end=\"2085\"><li data-start=\"1935\" data-end=\"1964\"><p data-start=\"1937\" data-end=\"1964\">du formulaire de contact,<\/p><\/li><li data-start=\"1965\" data-end=\"2009\"><p data-start=\"1967\" data-end=\"2009\">des demandes de devis ou de rendez-vous,<\/p><\/li><li data-start=\"2010\" data-end=\"2085\"><p data-start=\"2012\" data-end=\"2085\">des cookies (voir Politique de confidentialit\u00e9 et Politique des cookies).<\/p><\/li><\/ul><p data-start=\"2087\" data-end=\"2180\">Ces donn\u00e9es sont utilis\u00e9es exclusivement par <strong data-start=\"2132\" data-end=\"2151\">Garage Auto Ben<\/strong> et ne sont jamais revendues.<\/p><p data-start=\"2182\" data-end=\"2364\">Conform\u00e9ment au RGPD et \u00e0 la loi \u00ab Informatique et Libert\u00e9s \u00bb, vous pouvez exercer vos droits d\u2019acc\u00e8s, rectification, suppression et opposition en \u00e9crivant \u00e0 :<br data-start=\"2341\" data-end=\"2344\" \/>\ud83d\udce7 <strong data-start=\"2347\" data-end=\"2364\">[votre email]<\/strong><\/p><hr data-start=\"2366\" data-end=\"2369\" \/><h2 data-start=\"2371\" data-end=\"2388\"><strong data-start=\"2374\" data-end=\"2388\">6. Cookies<\/strong><\/h2><p data-start=\"2390\" data-end=\"2577\">Le site utilise des cookies pour am\u00e9liorer l\u2019exp\u00e9rience utilisateur et analyser l\u2019audience via <strong data-start=\"2485\" data-end=\"2505\">Google Analytics<\/strong>.<br data-start=\"2506\" data-end=\"2509\" \/>Pour en savoir plus, consultez la <strong data-start=\"2543\" data-end=\"2568\">Politique des cookies<\/strong> du site.<\/p><hr data-start=\"2579\" data-end=\"2582\" \/><h2 data-start=\"2584\" data-end=\"2608\"><strong data-start=\"2587\" data-end=\"2608\">7. Liens externes<\/strong><\/h2><p data-start=\"2610\" data-end=\"2758\">Le site peut contenir des liens vers d\u2019autres sites web.<br data-start=\"2666\" data-end=\"2669\" \/>Garage Auto Ben n\u2019est pas responsable du contenu ou du fonctionnement de ces sites tiers.<\/p><hr data-start=\"2760\" data-end=\"2763\" \/><h2 data-start=\"2765\" data-end=\"2782\"><strong data-start=\"2768\" data-end=\"2782\">8. Contact<\/strong><\/h2><p data-start=\"2784\" data-end=\"2827\">Pour toute demande, vous pouvez contacter :<\/p><p data-start=\"2829\" data-end=\"2936\"><strong data-start=\"2829\" data-end=\"2848\">Garage Auto Ben<\/strong><br data-start=\"2848\" data-end=\"2851\" \/>Site : <a class=\"decorated-link\" href=\"https:\/\/auto-ben79.fr\/\" target=\"_new\" rel=\"noopener\" data-start=\"2858\" data-end=\"2880\">https:\/\/auto-ben79.fr\/<\/a><br data-start=\"2880\" data-end=\"2883\" \/>Email : <em data-start=\"2891\" data-end=\"2906\">[\u00e0 compl\u00e9ter]<\/em><br data-start=\"2906\" data-end=\"2909\" \/>T\u00e9l\u00e9phone : <em data-start=\"2921\" data-end=\"2936\">[\u00e0 compl\u00e9ter]<\/em><\/p>\t\t\t\t\t\t\t\t<\/div>\n\t\t\t\t\t<\/div>\n\t\t<\/div>\n\t\t\t\t\t<\/div>\n\t\t<\/section>\n\t\t\t\t<\/div>\n\t\t\n    <div class=\"xs_social_share_widget xs_share_url after_content \t\tmain_content  wslu-style-1 wslu-share-box-shaped wslu-fill-colored wslu-none wslu-share-horizontal wslu-theme-font-no wslu-main_content\">\n\n\t\t\n        <ul>\n\t\t\t        <\/ul>\n    <\/div>","protected":false},"excerpt":{"rendered":"<p>Mentions l\u00e9gales Mentions L\u00e9gales \u2013 Garage Auto Ben Derni\u00e8re mise \u00e0 jour : [\u00e0 compl\u00e9ter] 1. \u00c9diteur du site Garage Auto BenAdresse : [ajouter l\u2019adresse compl\u00e8te]T\u00e9l\u00e9phone : [ajouter le num\u00e9ro]Email : [ajouter l\u2019email professionnel]Statut juridique : [ex : Entreprise individuelle \/ SARL \/ SAS \/ Auto-entreprise]SIRET : [\u00e0 compl\u00e9ter]Responsable de la publication : [Nom \/ [&hellip;]<\/p>","protected":false},"author":1,"featured_media":0,"parent":0,"menu_order":0,"comment_status":"closed","ping_status":"closed","template":"","meta":{"footnotes":""},"class_list":["post-18058","page","type-page","status-publish","hentry"],"yoast_head":"<!-- This site is optimized with the Yoast SEO Premium plugin v26.3 (Yoast SEO v27.4) - https:\/\/yoast.com\/product\/yoast-seo-premium-wordpress\/ -->\n<title>Mentions l\u00e9gales - Garage auto Ben<\/title>\n<meta name=\"robots\" content=\"index, follow, max-snippet:-1, max-image-preview:large, max-video-preview:-1\" \/>\n<link rel=\"canonical\" href=\"https:\/\/test2.dac-info.fr\/es\/sold\/\" \/>\n<meta property=\"og:locale\" content=\"es_ES\" \/>\n<meta property=\"og:type\" content=\"article\" \/>\n<meta property=\"og:title\" content=\"Mentions l\u00e9gales\" \/>\n<meta property=\"og:description\" content=\"Mentions l\u00e9gales Mentions L\u00e9gales \u2013 Garage Auto Ben Derni\u00e8re mise \u00e0 jour : [\u00e0 compl\u00e9ter] 1. \u00c9diteur du site Garage Auto BenAdresse : [ajouter l\u2019adresse compl\u00e8te]T\u00e9l\u00e9phone : [ajouter le num\u00e9ro]Email : [ajouter l\u2019email professionnel]Statut juridique : [ex : Entreprise individuelle \/ SARL \/ SAS \/ Auto-entreprise]SIRET : [\u00e0 compl\u00e9ter]Responsable de la publication : [Nom \/ [&hellip;]\" \/>\n<meta property=\"og:url\" content=\"https:\/\/test2.dac-info.fr\/es\/sold\/\" \/>\n<meta property=\"og:site_name\" content=\"Garage auto Ben\" \/>\n<meta property=\"article:modified_time\" content=\"2025-11-22T15:11:08+00:00\" \/>\n<meta name=\"twitter:card\" content=\"summary_large_image\" \/>\n<script type=\"application\/ld+json\" class=\"yoast-schema-graph\">{\"@context\":\"https:\\\/\\\/schema.org\",\"@graph\":[{\"@type\":\"WebPage\",\"@id\":\"https:\\\/\\\/test2.dac-info.fr\\\/sold\\\/\",\"url\":\"https:\\\/\\\/test2.dac-info.fr\\\/sold\\\/\",\"name\":\"Mentions l\u00e9gales - Garage auto Ben\",\"isPartOf\":{\"@id\":\"https:\\\/\\\/test2.dac-info.fr\\\/#website\"},\"datePublished\":\"2021-02-03T18:06:32+00:00\",\"dateModified\":\"2025-11-22T15:11:08+00:00\",\"breadcrumb\":{\"@id\":\"https:\\\/\\\/test2.dac-info.fr\\\/sold\\\/#breadcrumb\"},\"inLanguage\":\"es\",\"potentialAction\":[{\"@type\":\"ReadAction\",\"target\":[\"https:\\\/\\\/test2.dac-info.fr\\\/sold\\\/\"]}]},{\"@type\":\"BreadcrumbList\",\"@id\":\"https:\\\/\\\/test2.dac-info.fr\\\/sold\\\/#breadcrumb\",\"itemListElement\":[{\"@type\":\"ListItem\",\"position\":1,\"name\":\"Home\",\"item\":\"https:\\\/\\\/test2.dac-info.fr\\\/\"},{\"@type\":\"ListItem\",\"position\":2,\"name\":\"Mentions l\u00e9gales\"}]},{\"@type\":\"WebSite\",\"@id\":\"https:\\\/\\\/test2.dac-info.fr\\\/#website\",\"url\":\"https:\\\/\\\/test2.dac-info.fr\\\/\",\"name\":\"Garage auto Ben\",\"description\":\"\",\"publisher\":{\"@id\":\"https:\\\/\\\/test2.dac-info.fr\\\/#organization\"},\"potentialAction\":[{\"@type\":\"SearchAction\",\"target\":{\"@type\":\"EntryPoint\",\"urlTemplate\":\"https:\\\/\\\/test2.dac-info.fr\\\/?s={search_term_string}\"},\"query-input\":{\"@type\":\"PropertyValueSpecification\",\"valueRequired\":true,\"valueName\":\"search_term_string\"}}],\"inLanguage\":\"es\"},{\"@type\":\"Organization\",\"@id\":\"https:\\\/\\\/test2.dac-info.fr\\\/#organization\",\"name\":\"Garage auto Ben\",\"url\":\"https:\\\/\\\/test2.dac-info.fr\\\/\",\"logo\":{\"@type\":\"ImageObject\",\"inLanguage\":\"es\",\"@id\":\"https:\\\/\\\/test2.dac-info.fr\\\/#\\\/schema\\\/logo\\\/image\\\/\",\"url\":\"https:\\\/\\\/test2.dac-info.fr\\\/wp-content\\\/uploads\\\/2025\\\/11\\\/WhatsApp-Image-2025-11-10-a-14.21.48_3853dd53.jpg\",\"contentUrl\":\"https:\\\/\\\/test2.dac-info.fr\\\/wp-content\\\/uploads\\\/2025\\\/11\\\/WhatsApp-Image-2025-11-10-a-14.21.48_3853dd53.jpg\",\"width\":866,\"height\":650,\"caption\":\"Garage auto Ben\"},\"image\":{\"@id\":\"https:\\\/\\\/test2.dac-info.fr\\\/#\\\/schema\\\/logo\\\/image\\\/\"}}]}<\/script>\n<!-- \/ Yoast SEO Premium plugin. -->","yoast_head_json":{"title":"Mentions l\u00e9gales - Garage auto Ben","robots":{"index":"index","follow":"follow","max-snippet":"max-snippet:-1","max-image-preview":"max-image-preview:large","max-video-preview":"max-video-preview:-1"},"canonical":"https:\/\/test2.dac-info.fr\/es\/sold\/","og_locale":"es_ES","og_type":"article","og_title":"Mentions l\u00e9gales","og_description":"Mentions l\u00e9gales Mentions L\u00e9gales \u2013 Garage Auto Ben Derni\u00e8re mise \u00e0 jour : [\u00e0 compl\u00e9ter] 1. \u00c9diteur du site Garage Auto BenAdresse : [ajouter l\u2019adresse compl\u00e8te]T\u00e9l\u00e9phone : [ajouter le num\u00e9ro]Email : [ajouter l\u2019email professionnel]Statut juridique : [ex : Entreprise individuelle \/ SARL \/ SAS \/ Auto-entreprise]SIRET : [\u00e0 compl\u00e9ter]Responsable de la publication : [Nom \/ [&hellip;]","og_url":"https:\/\/test2.dac-info.fr\/es\/sold\/","og_site_name":"Garage auto Ben","article_modified_time":"2025-11-22T15:11:08+00:00","twitter_card":"summary_large_image","schema":{"@context":"https:\/\/schema.org","@graph":[{"@type":"WebPage","@id":"https:\/\/test2.dac-info.fr\/sold\/","url":"https:\/\/test2.dac-info.fr\/sold\/","name":"Mentions l\u00e9gales - Garage auto Ben","isPartOf":{"@id":"https:\/\/test2.dac-info.fr\/#website"},"datePublished":"2021-02-03T18:06:32+00:00","dateModified":"2025-11-22T15:11:08+00:00","breadcrumb":{"@id":"https:\/\/test2.dac-info.fr\/sold\/#breadcrumb"},"inLanguage":"es","potentialAction":[{"@type":"ReadAction","target":["https:\/\/test2.dac-info.fr\/sold\/"]}]},{"@type":"BreadcrumbList","@id":"https:\/\/test2.dac-info.fr\/sold\/#breadcrumb","itemListElement":[{"@type":"ListItem","position":1,"name":"Home","item":"https:\/\/test2.dac-info.fr\/"},{"@type":"ListItem","position":2,"name":"Mentions l\u00e9gales"}]},{"@type":"WebSite","@id":"https:\/\/test2.dac-info.fr\/#website","url":"https:\/\/test2.dac-info.fr\/","name":"Garage auto Ben","description":"","publisher":{"@id":"https:\/\/test2.dac-info.fr\/#organization"},"potentialAction":[{"@type":"SearchAction","target":{"@type":"EntryPoint","urlTemplate":"https:\/\/test2.dac-info.fr\/?s={search_term_string}"},"query-input":{"@type":"PropertyValueSpecification","valueRequired":true,"valueName":"search_term_string"}}],"inLanguage":"es"},{"@type":"Organization","@id":"https:\/\/test2.dac-info.fr\/#organization","name":"Garage auto Ben","url":"https:\/\/test2.dac-info.fr\/","logo":{"@type":"ImageObject","inLanguage":"es","@id":"https:\/\/test2.dac-info.fr\/#\/schema\/logo\/image\/","url":"https:\/\/test2.dac-info.fr\/wp-content\/uploads\/2025\/11\/WhatsApp-Image-2025-11-10-a-14.21.48_3853dd53.jpg","contentUrl":"https:\/\/test2.dac-info.fr\/wp-content\/uploads\/2025\/11\/WhatsApp-Image-2025-11-10-a-14.21.48_3853dd53.jpg","width":866,"height":650,"caption":"Garage auto Ben"},"image":{"@id":"https:\/\/test2.dac-info.fr\/#\/schema\/logo\/image\/"}}]}},"_hostinger_reach_plugin_has_subscription_block":false,"_hostinger_reach_plugin_is_elementor":false,"_links":{"self":[{"href":"https:\/\/test2.dac-info.fr\/es\/wp-json\/wp\/v2\/pages\/18058","targetHints":{"allow":["GET"]}}],"collection":[{"href":"https:\/\/test2.dac-info.fr\/es\/wp-json\/wp\/v2\/pages"}],"about":[{"href":"https:\/\/test2.dac-info.fr\/es\/wp-json\/wp\/v2\/types\/page"}],"author":[{"embeddable":true,"href":"https:\/\/test2.dac-info.fr\/es\/wp-json\/wp\/v2\/users\/1"}],"replies":[{"embeddable":true,"href":"https:\/\/test2.dac-info.fr\/es\/wp-json\/wp\/v2\/comments?post=18058"}],"version-history":[{"count":3,"href":"https:\/\/test2.dac-info.fr\/es\/wp-json\/wp\/v2\/pages\/18058\/revisions"}],"predecessor-version":[{"id":24052,"href":"https:\/\/test2.dac-info.fr\/es\/wp-json\/wp\/v2\/pages\/18058\/revisions\/24052"}],"wp:attachment":[{"href":"https:\/\/test2.dac-info.fr\/es\/wp-json\/wp\/v2\/media?parent=18058"}],"curies":[{"name":"wp","href":"https:\/\/api.w.org\/{rel}","templated":true}]}}